{"id":4634,"date":"2025-07-07T10:18:07","date_gmt":"2025-07-07T10:18:07","guid":{"rendered":"https:\/\/vacation-in-florida.com\/?page_id=4634"},"modified":"2025-08-25T07:43:17","modified_gmt":"2025-08-25T07:43:17","slug":"luxus-villen","status":"publish","type":"page","link":"https:\/\/vacation-in-florida.com\/de\/florida-ferienhaus\/cape-coral-ferienhaus\/luxus-villen\/","title":{"rendered":"Luxus Villen in Cape Coral"},"content":{"rendered":"<p style=\"text-align: justify;\">Cape Coral steht f\u00fcr Sonne, Wasserwege und eine beeindruckende Auswahl moderner Ferienh\u00e4user. Doch wer das Au\u00dfergew\u00f6hnliche sucht, findet hier <strong data-start=\"1569\" data-end=\"1599\">Luxus Villen in Cape Coral<\/strong>, die in Ausstattung und Komfort neue Ma\u00dfst\u00e4be setzen. Von der offenen Designer-K\u00fcche \u00fcber den gasbeheizten Infinity-Pool mit Spa bis hin zur Outdoor-Lounge mit BBQ und Smart-TV \u2013 erg\u00e4nzt durch einen privaten Bootsanleger \u2013 bieten unsere sorgf\u00e4ltig ausgew\u00e4hlten Villen ein Urlaubserlebnis der Spitzenklasse. Ideal f\u00fcr G\u00e4ste, die auf nichts verzichten m\u00f6chten und ihren Aufenthalt in Florida in stilvollem Ambiente genie\u00dfen wollen.<\/p>\n","protected":false},"excerpt":{"rendered":"Cape Coral steht f\u00fcr Sonne, Wasserwege und eine beeindruckende Auswahl moderner Ferienh\u00e4user. Doch wer das Au\u00dfergew\u00f6hnliche sucht, findet hier Luxus Villen in Cape Coral, die in Ausstattung und Komfort neue Ma\u00dfst\u00e4be setzen. Von der offenen Designer-K\u00fcche \u00fcber den gasbeheizten Infinity-Pool mit Spa bis hin zur Outdoor-Lounge mit BBQ und Smart-TV \u2013 erg\u00e4nzt durch einen privaten Bootsanleger \u2013 bieten unsere sorgf\u00e4ltig ausgew\u00e4hlten Villen ein Urlaubserlebnis der Spitzenklasse. Ideal f\u00fcr G\u00e4ste, die&#8230;","protected":false},"author":10,"featured_media":4640,"parent":3913,"menu_order":8,"comment_status":"closed","ping_status":"closed","template":"templates\/full-width-template.php","meta":{"_acf_changed":false,"footnotes":""},"class_list":["post-4634","page","type-page","status-publish","has-post-thumbnail","hentry"],"acf":[],"yoast_head":"<!-- This site is optimized with the Yoast SEO plugin v26.3 - https:\/\/yoast.com\/wordpress\/plugins\/seo\/ -->\n<title>Luxus Villen in Cape Coral - Vacation in Florida<\/title>\n<meta name=\"robots\" content=\"index, follow, max-snippet:-1, max-image-preview:large, max-video-preview:-1\" \/>\n<link rel=\"canonical\" href=\"https:\/\/vacation-in-florida.com\/de\/florida-ferienhaus\/cape-coral-ferienhaus\/luxus-villen\/\" \/>\n<meta property=\"og:locale\" content=\"de_DE\" \/>\n<meta property=\"og:type\" content=\"article\" \/>\n<meta property=\"og:title\" content=\"Luxus Villen in Cape Coral - Vacation in Florida\" \/>\n<meta property=\"og:description\" content=\"Cape Coral steht f\u00fcr Sonne, Wasserwege und eine beeindruckende Auswahl moderner Ferienh\u00e4user. Doch wer das Au\u00dfergew\u00f6hnliche sucht, findet hier Luxus Villen in Cape Coral, die in Ausstattung und Komfort neue Ma\u00dfst\u00e4be setzen. Von der offenen Designer-K\u00fcche \u00fcber den gasbeheizten Infinity-Pool mit Spa bis hin zur Outdoor-Lounge mit BBQ und Smart-TV \u2013 erg\u00e4nzt durch einen privaten Bootsanleger \u2013 bieten unsere sorgf\u00e4ltig ausgew\u00e4hlten Villen ein Urlaubserlebnis der Spitzenklasse. Ideal f\u00fcr G\u00e4ste, die...\" \/>\n<meta property=\"og:url\" content=\"https:\/\/vacation-in-florida.com\/de\/florida-ferienhaus\/cape-coral-ferienhaus\/luxus-villen\/\" \/>\n<meta property=\"og:site_name\" content=\"Vacation in Florida\" \/>\n<meta property=\"article:publisher\" content=\"https:\/\/www.facebook.com\/vacationinflorida\" \/>\n<meta property=\"article:modified_time\" content=\"2025-08-25T07:43:17+00:00\" \/>\n<meta property=\"og:image\" content=\"https:\/\/vacation-in-florida.com\/wp-content\/uploads\/2025\/07\/Luxus-Villa-in-Cape-Coral.jpg\" \/>\n\t<meta property=\"og:image:width\" content=\"2560\" \/>\n\t<meta property=\"og:image:height\" content=\"1440\" \/>\n\t<meta property=\"og:image:type\" content=\"image\/jpeg\" \/>\n<meta name=\"twitter:card\" content=\"summary_large_image\" \/>\n<meta name=\"twitter:label1\" content=\"Gesch\u00e4tzte Lesezeit\" \/>\n\t<meta name=\"twitter:data1\" content=\"1 Minute\" \/>\n<!-- \/ Yoast SEO plugin. -->","yoast_head_json":{"title":"Luxus Villen in Cape Coral - Vacation in Florida","robots":{"index":"index","follow":"follow","max-snippet":"max-snippet:-1","max-image-preview":"max-image-preview:large","max-video-preview":"max-video-preview:-1"},"canonical":"https:\/\/vacation-in-florida.com\/de\/florida-ferienhaus\/cape-coral-ferienhaus\/luxus-villen\/","og_locale":"de_DE","og_type":"article","og_title":"Luxus Villen in Cape Coral - Vacation in Florida","og_description":"Cape Coral steht f\u00fcr Sonne, Wasserwege und eine beeindruckende Auswahl moderner Ferienh\u00e4user. Doch wer das Au\u00dfergew\u00f6hnliche sucht, findet hier Luxus Villen in Cape Coral, die in Ausstattung und Komfort neue Ma\u00dfst\u00e4be setzen. Von der offenen Designer-K\u00fcche \u00fcber den gasbeheizten Infinity-Pool mit Spa bis hin zur Outdoor-Lounge mit BBQ und Smart-TV \u2013 erg\u00e4nzt durch einen privaten Bootsanleger \u2013 bieten unsere sorgf\u00e4ltig ausgew\u00e4hlten Villen ein Urlaubserlebnis der Spitzenklasse. Ideal f\u00fcr G\u00e4ste, die...","og_url":"https:\/\/vacation-in-florida.com\/de\/florida-ferienhaus\/cape-coral-ferienhaus\/luxus-villen\/","og_site_name":"Vacation in Florida","article_publisher":"https:\/\/www.facebook.com\/vacationinflorida","article_modified_time":"2025-08-25T07:43:17+00:00","og_image":[{"width":2560,"height":1440,"url":"https:\/\/vacation-in-florida.com\/wp-content\/uploads\/2025\/07\/Luxus-Villa-in-Cape-Coral.jpg","type":"image\/jpeg"}],"twitter_card":"summary_large_image","twitter_misc":{"Gesch\u00e4tzte Lesezeit":"1 Minute"},"schema":{"@context":"https:\/\/schema.org","@graph":[{"@type":"WebPage","@id":"https:\/\/vacation-in-florida.com\/de\/florida-ferienhaus\/cape-coral-ferienhaus\/luxus-villen\/","url":"https:\/\/vacation-in-florida.com\/de\/florida-ferienhaus\/cape-coral-ferienhaus\/luxus-villen\/","name":"Luxus Villen in Cape Coral - Vacation in Florida","isPartOf":{"@id":"https:\/\/vacation-in-florida.com\/#website"},"primaryImageOfPage":{"@id":"https:\/\/vacation-in-florida.com\/de\/florida-ferienhaus\/cape-coral-ferienhaus\/luxus-villen\/#primaryimage"},"image":{"@id":"https:\/\/vacation-in-florida.com\/de\/florida-ferienhaus\/cape-coral-ferienhaus\/luxus-villen\/#primaryimage"},"thumbnailUrl":"https:\/\/vacation-in-florida.com\/wp-content\/uploads\/2025\/07\/Luxus-Villa-in-Cape-Coral.jpg","datePublished":"2025-07-07T10:18:07+00:00","dateModified":"2025-08-25T07:43:17+00:00","breadcrumb":{"@id":"https:\/\/vacation-in-florida.com\/de\/florida-ferienhaus\/cape-coral-ferienhaus\/luxus-villen\/#breadcrumb"},"inLanguage":"de-DE","potentialAction":[{"@type":"ReadAction","target":["https:\/\/vacation-in-florida.com\/de\/florida-ferienhaus\/cape-coral-ferienhaus\/luxus-villen\/"]}]},{"@type":"ImageObject","inLanguage":"de-DE","@id":"https:\/\/vacation-in-florida.com\/de\/florida-ferienhaus\/cape-coral-ferienhaus\/luxus-villen\/#primaryimage","url":"https:\/\/vacation-in-florida.com\/wp-content\/uploads\/2025\/07\/Luxus-Villa-in-Cape-Coral.jpg","contentUrl":"https:\/\/vacation-in-florida.com\/wp-content\/uploads\/2025\/07\/Luxus-Villa-in-Cape-Coral.jpg","width":2560,"height":1440,"caption":"Luxus Villa in Cape Coral"},{"@type":"BreadcrumbList","@id":"https:\/\/vacation-in-florida.com\/de\/florida-ferienhaus\/cape-coral-ferienhaus\/luxus-villen\/#breadcrumb","itemListElement":[{"@type":"ListItem","position":1,"name":"Home","item":"https:\/\/vacation-in-florida.com\/de\/"},{"@type":"ListItem","position":2,"name":"Florida Ferienh\u00e4user","item":"https:\/\/vacation-in-florida.com\/de\/florida-ferienhaus\/"},{"@type":"ListItem","position":3,"name":"Cape Coral Ferienh\u00e4user","item":"https:\/\/vacation-in-florida.com\/de\/florida-ferienhaus\/cape-coral-ferienhaus\/"},{"@type":"ListItem","position":4,"name":"Luxus Villen in Cape Coral"}]},{"@type":"WebSite","@id":"https:\/\/vacation-in-florida.com\/#website","url":"https:\/\/vacation-in-florida.com\/","name":"Vacation in Florida","description":"Vacation Home &amp; Boat Rental","publisher":{"@id":"https:\/\/vacation-in-florida.com\/#organization"},"potentialAction":[{"@type":"SearchAction","target":{"@type":"EntryPoint","urlTemplate":"https:\/\/vacation-in-florida.com\/?s={search_term_string}"},"query-input":{"@type":"PropertyValueSpecification","valueRequired":true,"valueName":"search_term_string"}}],"inLanguage":"de-DE"},{"@type":"Organization","@id":"https:\/\/vacation-in-florida.com\/#organization","name":"Vacation in Florida","url":"https:\/\/vacation-in-florida.com\/","logo":{"@type":"ImageObject","inLanguage":"de-DE","@id":"https:\/\/vacation-in-florida.com\/#\/schema\/logo\/image\/","url":"https:\/\/www.vacation-in-florida.com\/wp-content\/uploads\/2022\/08\/LOGO_Vacation_in_Florida_com_grey.png","contentUrl":"https:\/\/www.vacation-in-florida.com\/wp-content\/uploads\/2022\/08\/LOGO_Vacation_in_Florida_com_grey.png","width":800,"height":137,"caption":"Vacation in Florida"},"image":{"@id":"https:\/\/vacation-in-florida.com\/#\/schema\/logo\/image\/"},"sameAs":["https:\/\/www.facebook.com\/vacationinflorida","https:\/\/www.instagram.com\/vacation_in_florida","https:\/\/www.youtube.com\/c\/VacationinFlorida"]}]}},"_links":{"self":[{"href":"https:\/\/vacation-in-florida.com\/de\/wp-json\/wp\/v2\/pages\/4634","targetHints":{"allow":["GET"]}}],"collection":[{"href":"https:\/\/vacation-in-florida.com\/de\/wp-json\/wp\/v2\/pages"}],"about":[{"href":"https:\/\/vacation-in-florida.com\/de\/wp-json\/wp\/v2\/types\/page"}],"author":[{"embeddable":true,"href":"https:\/\/vacation-in-florida.com\/de\/wp-json\/wp\/v2\/users\/10"}],"replies":[{"embeddable":true,"href":"https:\/\/vacation-in-florida.com\/de\/wp-json\/wp\/v2\/comments?post=4634"}],"version-history":[{"count":0,"href":"https:\/\/vacation-in-florida.com\/de\/wp-json\/wp\/v2\/pages\/4634\/revisions"}],"up":[{"embeddable":true,"href":"https:\/\/vacation-in-florida.com\/de\/wp-json\/wp\/v2\/pages\/3913"}],"wp:featuredmedia":[{"embeddable":true,"href":"https:\/\/vacation-in-florida.com\/de\/wp-json\/wp\/v2\/media\/4640"}],"wp:attachment":[{"href":"https:\/\/vacation-in-florida.com\/de\/wp-json\/wp\/v2\/media?parent=4634"}],"curies":[{"name":"wp","href":"https:\/\/api.w.org\/{rel}","templated":true}]}}