{"id":4448,"date":"2024-02-14T07:32:01","date_gmt":"2024-02-14T07:32:01","guid":{"rendered":"https:\/\/vacation-in-florida.com\/?page_id=4448"},"modified":"2025-12-01T10:09:39","modified_gmt":"2025-12-01T10:09:39","slug":"bootstouren-cape-coral-florida","status":"publish","type":"page","link":"https:\/\/vacation-in-florida.com\/de\/bootstouren-cape-coral-florida\/","title":{"rendered":"Bootstouren Cape Coral Florida"},"content":{"rendered":"<div class=\"wpb-content-wrapper\"><p>[vc_row full_width=&#8220;stretch_row_content&#8220; css=&#8220;.vc_custom_1732109344374{background-color: #000000 !important;}&#8220;][vc_column offset=&#8220;vc_hidden-lg vc_hidden-md vc_hidden-sm vc_hidden-xs&#8220;][vc_column_text css=&#8220;&#8220;]<\/p>\n<h3 style=\"text-align: center;\"><\/h3>\n<h3 style=\"text-align: center;\"><strong style=\"text-align: center;\">\ud83d\udca5 <\/strong><strong style=\"text-align: center;\"><span style=\"color: #ff6600;\">15% Rabatt auf Angebote von Vacation-in-Florida.com! \ud83d\udca5<br \/>\n<\/span><\/strong><span style=\"color: #ffffff;\">Nutze dieses zeitlich begrenzte Angebot!<\/span><\/h3>\n<h3 style=\"text-align: center;\"><span style=\"color: #ff6600;\"><strong>Spare 15% auf:<\/strong><\/span><\/h3>\n<h3 style=\"text-align: center;\"><span style=\"color: #ff0000;\">\ud83c\udfe1 <a style=\"color: #ff0000;\" href=\"https:\/\/vacation-in-florida.com\/de\/florida-ferienhaus\/cape-coral-ferienhaus\/bestpreis-garantie\/\">Ferienh\u00e4user<\/a><\/span><br \/>\n<span style=\"color: #ff0000;\">\ud83d\udea4 <a style=\"color: #ff0000;\" href=\"https:\/\/vacation-in-florida.com\/de\/bootsvermietung-cape-coral-florida\/\" target=\"_blank\" rel=\"noopener\">Bootsvermietung<\/a><\/span><br \/>\n<span style=\"color: #ff0000;\">\ud83c\udf34 <a style=\"color: #ff0000;\" href=\"https:\/\/vacation-in-florida.com\/de\/bootstouren-cape-coral-florida\/\">Private Bootstouren<\/a><\/span><\/h3>\n<h3 style=\"text-align: center;\"><span style=\"color: #ffffff;\">Gutscheincode:<\/span> <strong><span style=\"color: #ff6600;\">BLACK152025 <\/span><\/strong><\/h3>\n<h3 style=\"text-align: center;\"><em><span style=\"color: #ffffff;\">G\u00fcltig f\u00fcr <\/span><strong><span style=\"color: #ffffff;\">alle<\/span> <span style=\"color: #ff6600;\">Reisedaten in 2026<\/span><\/strong> <span style=\"color: #ffffff;\">und die<\/span> <span style=\"color: #ff6600;\"><strong>verbleibenden Wochen im Jahr 2025<\/strong>!<\/span><\/em><\/h3>\n<h3 style=\"text-align: center;\">\ud83c\udf9f\ufe0f <span style=\"color: #ffffff;\">Einfach<\/span> <span style=\"color: #ff6600;\">den Gutscheincode<\/span> <span style=\"color: #ffffff;\">beim<\/span> <span style=\"color: #ff6600;\">Checkout<\/span> <span style=\"color: #ffffff;\">eingeben \u2013 der Rabatt wird automatisch abgezogen.<\/span><\/h3>\n<h3 style=\"text-align: center;\">\ud83d\udcc5 <strong><span style=\"color: #ffffff;\">Beeile dich<\/span> <span style=\"color: #ffffff;\">\u2013<\/span> <span style=\"color: #ff6600;\">Angebot endet am 30. November!<\/span><\/strong><\/h3>\n<p>[\/vc_column_text][\/vc_column][\/vc_row][vc_row full_width=&#8220;stretch_row_content&#8220; css=&#8220;.vc_custom_1732109447301{background-color: #000000 !important;}&#8220;][vc_column offset=&#8220;vc_hidden-lg vc_hidden-md vc_hidden-sm vc_hidden-xs&#8220;][vc_column_text css=&#8220;&#8220;]<\/p>\n<p style=\"text-align: center;\"><a href=\"https:\/\/bootsvermietung-capecoral.de\/wie-man-einen-promo-code-einlost\/\" target=\"_blank\" rel=\"noopener\"><strong>WIE KANN ICH DEN RABATTCODE EINL\u00d6SEN?<\/strong><\/a><\/p>\n<p>[\/vc_column_text][\/vc_column][\/vc_row][vc_row][vc_column][vc_column_text css=&#8220;&#8220;]<\/p>\n<h2 style=\"text-align: center;\">Unser Cape Coral Bootstouren-Angebot im \u00dcberblick<\/h2>\n<p>[\/vc_column_text][vc_column_text css=&#8220;&#8220;]<\/p>\n<p style=\"text-align: center;\">Klicken Sie auf die gew\u00fcnschte Bootstour, um mehr dar\u00fcber zu erfahren und um zu sehen, welche Verf\u00fcgbarkeit wir Ihnen anbieten k\u00f6nnen<\/p>\n<p>[\/vc_column_text][\/vc_column][\/vc_row][vc_row][vc_column][vc_column_text]<script src=\"https:\/\/fareharbor.com\/embeds\/script\/items\/beach-buddy-tours\/?full-items=yes&#038;fallback=simple&#038;ref=Vacation-in-Florida.com&#038;flow=1127441\"><\/script>[\/vc_column_text][\/vc_column][\/vc_row][vc_row][vc_column][vc_column_text css=&#8220;&#8220;]<\/p>\n<h2 style=\"text-align: center;\">\u00dcbersicht \u00fcber die Verf\u00fcgbarkeit der Cape Coral Bootstouren<\/h2>\n<p>[\/vc_column_text][vc_column_text css=&#8220;&#8220;]<\/p>\n<p style=\"text-align: center;\">Klicken Sie auf den Kalender und finden Sie heraus, welche Touren an dem gew\u00fcnschten Tag verf\u00fcgbar sind<\/p>\n<p>[\/vc_column_text][\/vc_column][\/vc_row][vc_row][vc_column][vc_column_text]<script src=\"https:\/\/fareharbor.com\/embeds\/script\/calendar\/beach-buddy-tours\/?fallback=simple&#038;ref=Vacation-in-Florida.com%20Kalender&#038;full-items=yes&#038;flow=1127441\"><\/script>[\/vc_column_text][\/vc_column][\/vc_row][vc_row full_width=&#8220;stretch_row_content&#8220; css=&#8220;.vc_custom_1700746654642{background-color: #000000 !important;}&#8220;][vc_column][vc_column_text css=&#8220;&#8220;]<\/p>\n<h3 style=\"text-align: center;\"><\/h3>\n<h3 style=\"text-align: center;\"><strong style=\"text-align: center;\">\ud83d\udca5 <\/strong><strong style=\"text-align: center;\"><span style=\"color: #ff6600;\">15% Rabatt auf Angebote von Vacation-in-Florida.com! \ud83d\udca5<br \/>\n<\/span><\/strong><span style=\"color: #ffffff;\">Nutze dieses zeitlich begrenzte Angebot!<\/span><\/h3>\n<h3 style=\"text-align: center;\"><span style=\"color: #ff6600;\"><strong>Spare 15% auf:<\/strong><\/span><\/h3>\n<h3 style=\"text-align: center;\"><span style=\"color: #ff0000;\">\ud83c\udfe1 <a style=\"color: #ff0000;\" href=\"https:\/\/vacation-in-florida.com\/de\/florida-ferienhaus\/cape-coral-ferienhaus\/bestpreis-garantie\/\">Ferienh\u00e4user<\/a><\/span><br \/>\n<span style=\"color: #ff0000;\">\ud83d\udea4 <a style=\"color: #ff0000;\" href=\"https:\/\/vacation-in-florida.com\/de\/bootsvermietung-cape-coral-florida\/\" target=\"_blank\" rel=\"noopener\">Bootsvermietung<\/a><\/span><br \/>\n<span style=\"color: #ff0000;\">\ud83c\udf34 <a style=\"color: #ff0000;\" href=\"https:\/\/vacation-in-florida.com\/de\/bootstouren-cape-coral-florida\/\">Private Bootstouren<\/a><\/span><\/h3>\n<h3 style=\"text-align: center;\"><span style=\"color: #ffffff;\">Gutscheincode:<\/span> <strong><span style=\"color: #ff6600;\">BLACK152025 <\/span><\/strong><\/h3>\n<h3 style=\"text-align: center;\"><em><span style=\"color: #ffffff;\">G\u00fcltig f\u00fcr <\/span><strong><span style=\"color: #ffffff;\">alle<\/span> <span style=\"color: #ff6600;\">Reisedaten in 2026<\/span><\/strong> <span style=\"color: #ffffff;\">und die<\/span> <span style=\"color: #ff6600;\"><strong>verbleibenden Wochen im Jahr 2025<\/strong>!<\/span><\/em><\/h3>\n<h3 style=\"text-align: center;\">\ud83c\udf9f\ufe0f <span style=\"color: #ffffff;\">Einfach<\/span> <span style=\"color: #ff6600;\">den Gutscheincode<\/span> <span style=\"color: #ffffff;\">beim<\/span> <span style=\"color: #ff6600;\">Checkout<\/span> <span style=\"color: #ffffff;\">eingeben \u2013 der Rabatt wird automatisch abgezogen.<\/span><\/h3>\n<h3 style=\"text-align: center;\">\ud83d\udcc5 <strong><span style=\"color: #ffffff;\">Beeile dich<\/span> <span style=\"color: #ffffff;\">\u2013<\/span> <span style=\"color: #ff6600;\">Angebot endet am 30. November!<\/span><\/strong><\/h3>\n<p>[\/vc_column_text][\/vc_column][\/vc_row][vc_row full_width=&#8220;stretch_row_content&#8220; css=&#8220;.vc_custom_1700746654642{background-color: #000000 !important;}&#8220;][vc_column][vc_column_text css=&#8220;&#8220;]<\/p>\n<p style=\"text-align: center;\"><a href=\"https:\/\/bootsvermietung-capecoral.de\/wie-man-einen-promo-code-einlost\/\" target=\"_blank\" rel=\"noopener\"><strong>WIE KANN ICH DEN RABATTCODE EINL\u00d6SEN?<\/strong><\/a><\/p>\n<p>[\/vc_column_text][\/vc_column][\/vc_row][vc_row][vc_column][vc_column_text css=&#8220;&#8220;]<script src=\"https:\/\/fareharbor.com\/embeds\/script\/items\/vacation-in-florida\/?full-items=yes&amp;fallback=simple&amp;ref=Vacation-in-Florida.com&amp;flow=545019\"><\/script><br \/>\n<script src=\"https:\/\/fareharbor.com\/embeds\/script\/items\/speed-dock\/?full-items=yes&amp;fallback=simple&amp;ref=Vacation-in-Florida.com&amp;asn=boatrentalcapecoral&amp;flow=483614\"><\/script>[\/vc_column_text][\/vc_column][\/vc_row]<\/p>\n<\/div>","protected":false},"excerpt":{"rendered":"[vc_row full_width=&#8220;stretch_row_content&#8220; css=&#8220;.vc_custom_1732109344374{background-color: #000000 !important;}&#8220;][vc_column offset=&#8220;vc_hidden-lg vc_hidden-md vc_hidden-sm vc_hidden-xs&#8220;][vc_column_text css=&#8220;&#8220;] \ud83d\udca5 15% Rabatt auf Angebote von Vacation-in-Florida.com! \ud83d\udca5 Nutze dieses zeitlich begrenzte Angebot! Spare 15% auf: \ud83c\udfe1 Ferienh\u00e4user \ud83d\udea4 Bootsvermietung \ud83c\udf34 Private Bootstouren Gutscheincode: BLACK152025 G\u00fcltig f\u00fcr alle Reisedaten in 2026 und die verbleibenden Wochen im Jahr 2025! \ud83c\udf9f\ufe0f Einfach den Gutscheincode beim Checkout eingeben \u2013 der Rabatt wird automatisch abgezogen. \ud83d\udcc5 Beeile dich \u2013 Angebot endet am 30. November!&#8230;","protected":false},"author":10,"featured_media":0,"parent":0,"menu_order":0,"comment_status":"closed","ping_status":"closed","template":"templates\/full-width-template.php","meta":{"_acf_changed":false,"footnotes":""},"class_list":["post-4448","page","type-page","status-publish","hentry"],"acf":[],"yoast_head":"<!-- This site is optimized with the Yoast SEO plugin v26.3 - https:\/\/yoast.com\/wordpress\/plugins\/seo\/ -->\n<title>Bootstouren Cape Coral Florida - Vacation in Florida<\/title>\n<meta name=\"robots\" content=\"index, follow, max-snippet:-1, max-image-preview:large, max-video-preview:-1\" \/>\n<link rel=\"canonical\" href=\"https:\/\/vacation-in-florida.com\/de\/bootstouren-cape-coral-florida\/\" \/>\n<meta property=\"og:locale\" content=\"de_DE\" \/>\n<meta property=\"og:type\" content=\"article\" \/>\n<meta property=\"og:title\" content=\"Bootstouren Cape Coral Florida - Vacation in Florida\" \/>\n<meta property=\"og:description\" content=\"[vc_row full_width=&#8220;stretch_row_content&#8220; css=&#8220;.vc_custom_1732109344374{background-color: #000000 !important;}&#8220;][vc_column offset=&#8220;vc_hidden-lg vc_hidden-md vc_hidden-sm vc_hidden-xs&#8220;][vc_column_text css=&#8220;&#8220;] \ud83d\udca5 15% Rabatt auf Angebote von Vacation-in-Florida.com! \ud83d\udca5 Nutze dieses zeitlich begrenzte Angebot! Spare 15% auf: \ud83c\udfe1 Ferienh\u00e4user \ud83d\udea4 Bootsvermietung \ud83c\udf34 Private Bootstouren Gutscheincode: BLACK152025 G\u00fcltig f\u00fcr alle Reisedaten in 2026 und die verbleibenden Wochen im Jahr 2025! \ud83c\udf9f\ufe0f Einfach den Gutscheincode beim Checkout eingeben \u2013 der Rabatt wird automatisch abgezogen. \ud83d\udcc5 Beeile dich \u2013 Angebot endet am 30. November!...\" \/>\n<meta property=\"og:url\" content=\"https:\/\/vacation-in-florida.com\/de\/bootstouren-cape-coral-florida\/\" \/>\n<meta property=\"og:site_name\" content=\"Vacation in Florida\" \/>\n<meta property=\"article:publisher\" content=\"https:\/\/www.facebook.com\/vacationinflorida\" \/>\n<meta property=\"article:modified_time\" content=\"2025-12-01T10:09:39+00:00\" \/>\n<meta name=\"twitter:card\" content=\"summary_large_image\" \/>\n<meta name=\"twitter:label1\" content=\"Gesch\u00e4tzte Lesezeit\" \/>\n\t<meta name=\"twitter:data1\" content=\"1 Minute\" \/>\n<!-- \/ Yoast SEO plugin. -->","yoast_head_json":{"title":"Bootstouren Cape Coral Florida - Vacation in Florida","robots":{"index":"index","follow":"follow","max-snippet":"max-snippet:-1","max-image-preview":"max-image-preview:large","max-video-preview":"max-video-preview:-1"},"canonical":"https:\/\/vacation-in-florida.com\/de\/bootstouren-cape-coral-florida\/","og_locale":"de_DE","og_type":"article","og_title":"Bootstouren Cape Coral Florida - Vacation in Florida","og_description":"[vc_row full_width=&#8220;stretch_row_content&#8220; css=&#8220;.vc_custom_1732109344374{background-color: #000000 !important;}&#8220;][vc_column offset=&#8220;vc_hidden-lg vc_hidden-md vc_hidden-sm vc_hidden-xs&#8220;][vc_column_text css=&#8220;&#8220;] \ud83d\udca5 15% Rabatt auf Angebote von Vacation-in-Florida.com! \ud83d\udca5 Nutze dieses zeitlich begrenzte Angebot! Spare 15% auf: \ud83c\udfe1 Ferienh\u00e4user \ud83d\udea4 Bootsvermietung \ud83c\udf34 Private Bootstouren Gutscheincode: BLACK152025 G\u00fcltig f\u00fcr alle Reisedaten in 2026 und die verbleibenden Wochen im Jahr 2025! \ud83c\udf9f\ufe0f Einfach den Gutscheincode beim Checkout eingeben \u2013 der Rabatt wird automatisch abgezogen. \ud83d\udcc5 Beeile dich \u2013 Angebot endet am 30. November!...","og_url":"https:\/\/vacation-in-florida.com\/de\/bootstouren-cape-coral-florida\/","og_site_name":"Vacation in Florida","article_publisher":"https:\/\/www.facebook.com\/vacationinflorida","article_modified_time":"2025-12-01T10:09:39+00:00","twitter_card":"summary_large_image","twitter_misc":{"Gesch\u00e4tzte Lesezeit":"1 Minute"},"schema":{"@context":"https:\/\/schema.org","@graph":[{"@type":"WebPage","@id":"https:\/\/vacation-in-florida.com\/de\/bootstouren-cape-coral-florida\/","url":"https:\/\/vacation-in-florida.com\/de\/bootstouren-cape-coral-florida\/","name":"Bootstouren Cape Coral Florida - Vacation in Florida","isPartOf":{"@id":"https:\/\/vacation-in-florida.com\/#website"},"datePublished":"2024-02-14T07:32:01+00:00","dateModified":"2025-12-01T10:09:39+00:00","breadcrumb":{"@id":"https:\/\/vacation-in-florida.com\/de\/bootstouren-cape-coral-florida\/#breadcrumb"},"inLanguage":"de-DE","potentialAction":[{"@type":"ReadAction","target":["https:\/\/vacation-in-florida.com\/de\/bootstouren-cape-coral-florida\/"]}]},{"@type":"BreadcrumbList","@id":"https:\/\/vacation-in-florida.com\/de\/bootstouren-cape-coral-florida\/#breadcrumb","itemListElement":[{"@type":"ListItem","position":1,"name":"Home","item":"https:\/\/vacation-in-florida.com\/de\/"},{"@type":"ListItem","position":2,"name":"Bootstouren Cape Coral Florida"}]},{"@type":"WebSite","@id":"https:\/\/vacation-in-florida.com\/#website","url":"https:\/\/vacation-in-florida.com\/","name":"Vacation in Florida","description":"Vacation Home &amp; Boat Rental","publisher":{"@id":"https:\/\/vacation-in-florida.com\/#organization"},"potentialAction":[{"@type":"SearchAction","target":{"@type":"EntryPoint","urlTemplate":"https:\/\/vacation-in-florida.com\/?s={search_term_string}"},"query-input":{"@type":"PropertyValueSpecification","valueRequired":true,"valueName":"search_term_string"}}],"inLanguage":"de-DE"},{"@type":"Organization","@id":"https:\/\/vacation-in-florida.com\/#organization","name":"Vacation in Florida","url":"https:\/\/vacation-in-florida.com\/","logo":{"@type":"ImageObject","inLanguage":"de-DE","@id":"https:\/\/vacation-in-florida.com\/#\/schema\/logo\/image\/","url":"https:\/\/www.vacation-in-florida.com\/wp-content\/uploads\/2022\/08\/LOGO_Vacation_in_Florida_com_grey.png","contentUrl":"https:\/\/www.vacation-in-florida.com\/wp-content\/uploads\/2022\/08\/LOGO_Vacation_in_Florida_com_grey.png","width":800,"height":137,"caption":"Vacation in Florida"},"image":{"@id":"https:\/\/vacation-in-florida.com\/#\/schema\/logo\/image\/"},"sameAs":["https:\/\/www.facebook.com\/vacationinflorida","https:\/\/www.instagram.com\/vacation_in_florida","https:\/\/www.youtube.com\/c\/VacationinFlorida"]}]}},"_links":{"self":[{"href":"https:\/\/vacation-in-florida.com\/de\/wp-json\/wp\/v2\/pages\/4448","targetHints":{"allow":["GET"]}}],"collection":[{"href":"https:\/\/vacation-in-florida.com\/de\/wp-json\/wp\/v2\/pages"}],"about":[{"href":"https:\/\/vacation-in-florida.com\/de\/wp-json\/wp\/v2\/types\/page"}],"author":[{"embeddable":true,"href":"https:\/\/vacation-in-florida.com\/de\/wp-json\/wp\/v2\/users\/10"}],"replies":[{"embeddable":true,"href":"https:\/\/vacation-in-florida.com\/de\/wp-json\/wp\/v2\/comments?post=4448"}],"version-history":[{"count":0,"href":"https:\/\/vacation-in-florida.com\/de\/wp-json\/wp\/v2\/pages\/4448\/revisions"}],"wp:attachment":[{"href":"https:\/\/vacation-in-florida.com\/de\/wp-json\/wp\/v2\/media?parent=4448"}],"curies":[{"name":"wp","href":"https:\/\/api.w.org\/{rel}","templated":true}]}}