{"id":3930,"date":"2019-01-18T08:42:12","date_gmt":"2019-01-18T08:42:12","guid":{"rendered":"https:\/\/www.vacation-in-florida.com\/property-management-cape-coral-florida\/"},"modified":"2024-12-17T14:54:33","modified_gmt":"2024-12-17T14:54:33","slug":"hausverwaltung-cape-coral-florida","status":"publish","type":"page","link":"https:\/\/vacation-in-florida.com\/de\/hausverwaltung-cape-coral-florida\/","title":{"rendered":"Hausverwaltung Cape Coral Florida"},"content":{"rendered":"","protected":false},"excerpt":{"rendered":"","protected":false},"author":7,"featured_media":3569,"parent":0,"menu_order":0,"comment_status":"closed","ping_status":"closed","template":"templates\/full-width-template.php","meta":{"_acf_changed":false,"footnotes":""},"class_list":["post-3930","page","type-page","status-publish","has-post-thumbnail","hentry"],"acf":[],"yoast_head":"<!-- This site is optimized with the Yoast SEO plugin v26.3 - https:\/\/yoast.com\/wordpress\/plugins\/seo\/ -->\n<title>Hausverwaltung Cape Coral Florida - Vacation in Florida<\/title>\n<meta name=\"description\" content=\"Erfahrene Hausverwaltung in Cape Coral: Seit \u00fcber 10 Jahren bieten wir zuverl\u00e4ssige und hochwertige Betreuungsdienste f\u00fcr Immobilien. Kontaktiere uns jetzt f\u00fcr eine unverbindliche Anfrage!\" \/>\n<meta name=\"robots\" content=\"index, follow, max-snippet:-1, max-image-preview:large, max-video-preview:-1\" \/>\n<link rel=\"canonical\" href=\"https:\/\/vacation-in-florida.com\/de\/hausverwaltung-cape-coral-florida\/\" \/>\n<meta property=\"og:locale\" content=\"de_DE\" \/>\n<meta property=\"og:type\" content=\"article\" \/>\n<meta property=\"og:title\" content=\"Hausverwaltung Cape Coral Florida - Vacation in Florida\" \/>\n<meta property=\"og:description\" content=\"Erfahrene Hausverwaltung in Cape Coral: Seit \u00fcber 10 Jahren bieten wir zuverl\u00e4ssige und hochwertige Betreuungsdienste f\u00fcr Immobilien. Kontaktiere uns jetzt f\u00fcr eine unverbindliche Anfrage!\" \/>\n<meta property=\"og:url\" content=\"https:\/\/vacation-in-florida.com\/de\/hausverwaltung-cape-coral-florida\/\" \/>\n<meta property=\"og:site_name\" content=\"Vacation in Florida\" \/>\n<meta property=\"article:publisher\" content=\"https:\/\/www.facebook.com\/vacationinflorida\" \/>\n<meta property=\"article:modified_time\" content=\"2024-12-17T14:54:33+00:00\" \/>\n<meta property=\"og:image\" content=\"https:\/\/vacation-in-florida.com\/wp-content\/uploads\/2022\/07\/florida-4.jpg\" \/>\n\t<meta property=\"og:image:width\" content=\"1440\" \/>\n\t<meta property=\"og:image:height\" content=\"1440\" \/>\n\t<meta property=\"og:image:type\" content=\"image\/jpeg\" \/>\n<meta name=\"twitter:card\" content=\"summary_large_image\" \/>\n<meta name=\"twitter:label1\" content=\"Gesch\u00e4tzte Lesezeit\" \/>\n\t<meta name=\"twitter:data1\" content=\"1 Minute\" \/>\n<!-- \/ Yoast SEO plugin. -->","yoast_head_json":{"title":"Hausverwaltung Cape Coral Florida - Vacation in Florida","description":"Erfahrene Hausverwaltung in Cape Coral: Seit \u00fcber 10 Jahren bieten wir zuverl\u00e4ssige und hochwertige Betreuungsdienste f\u00fcr Immobilien. Kontaktiere uns jetzt f\u00fcr eine unverbindliche Anfrage!","robots":{"index":"index","follow":"follow","max-snippet":"max-snippet:-1","max-image-preview":"max-image-preview:large","max-video-preview":"max-video-preview:-1"},"canonical":"https:\/\/vacation-in-florida.com\/de\/hausverwaltung-cape-coral-florida\/","og_locale":"de_DE","og_type":"article","og_title":"Hausverwaltung Cape Coral Florida - Vacation in Florida","og_description":"Erfahrene Hausverwaltung in Cape Coral: Seit \u00fcber 10 Jahren bieten wir zuverl\u00e4ssige und hochwertige Betreuungsdienste f\u00fcr Immobilien. Kontaktiere uns jetzt f\u00fcr eine unverbindliche Anfrage!","og_url":"https:\/\/vacation-in-florida.com\/de\/hausverwaltung-cape-coral-florida\/","og_site_name":"Vacation in Florida","article_publisher":"https:\/\/www.facebook.com\/vacationinflorida","article_modified_time":"2024-12-17T14:54:33+00:00","og_image":[{"width":1440,"height":1440,"url":"https:\/\/vacation-in-florida.com\/wp-content\/uploads\/2022\/07\/florida-4.jpg","type":"image\/jpeg"}],"twitter_card":"summary_large_image","twitter_misc":{"Gesch\u00e4tzte Lesezeit":"1 Minute"},"schema":{"@context":"https:\/\/schema.org","@graph":[{"@type":"WebPage","@id":"https:\/\/vacation-in-florida.com\/de\/hausverwaltung-cape-coral-florida\/","url":"https:\/\/vacation-in-florida.com\/de\/hausverwaltung-cape-coral-florida\/","name":"Hausverwaltung Cape Coral Florida - Vacation in Florida","isPartOf":{"@id":"https:\/\/vacation-in-florida.com\/#website"},"primaryImageOfPage":{"@id":"https:\/\/vacation-in-florida.com\/de\/hausverwaltung-cape-coral-florida\/#primaryimage"},"image":{"@id":"https:\/\/vacation-in-florida.com\/de\/hausverwaltung-cape-coral-florida\/#primaryimage"},"thumbnailUrl":"https:\/\/vacation-in-florida.com\/wp-content\/uploads\/2022\/07\/florida-4.jpg","datePublished":"2019-01-18T08:42:12+00:00","dateModified":"2024-12-17T14:54:33+00:00","description":"Erfahrene Hausverwaltung in Cape Coral: Seit \u00fcber 10 Jahren bieten wir zuverl\u00e4ssige und hochwertige Betreuungsdienste f\u00fcr Immobilien. Kontaktiere uns jetzt f\u00fcr eine unverbindliche Anfrage!","breadcrumb":{"@id":"https:\/\/vacation-in-florida.com\/de\/hausverwaltung-cape-coral-florida\/#breadcrumb"},"inLanguage":"de-DE","potentialAction":[{"@type":"ReadAction","target":["https:\/\/vacation-in-florida.com\/de\/hausverwaltung-cape-coral-florida\/"]}]},{"@type":"ImageObject","inLanguage":"de-DE","@id":"https:\/\/vacation-in-florida.com\/de\/hausverwaltung-cape-coral-florida\/#primaryimage","url":"https:\/\/vacation-in-florida.com\/wp-content\/uploads\/2022\/07\/florida-4.jpg","contentUrl":"https:\/\/vacation-in-florida.com\/wp-content\/uploads\/2022\/07\/florida-4.jpg","width":1440,"height":1440},{"@type":"BreadcrumbList","@id":"https:\/\/vacation-in-florida.com\/de\/hausverwaltung-cape-coral-florida\/#breadcrumb","itemListElement":[{"@type":"ListItem","position":1,"name":"Home","item":"https:\/\/vacation-in-florida.com\/de\/"},{"@type":"ListItem","position":2,"name":"Hausverwaltung Cape Coral Florida"}]},{"@type":"WebSite","@id":"https:\/\/vacation-in-florida.com\/#website","url":"https:\/\/vacation-in-florida.com\/","name":"Vacation in Florida","description":"Vacation Home &amp; Boat Rental","publisher":{"@id":"https:\/\/vacation-in-florida.com\/#organization"},"potentialAction":[{"@type":"SearchAction","target":{"@type":"EntryPoint","urlTemplate":"https:\/\/vacation-in-florida.com\/?s={search_term_string}"},"query-input":{"@type":"PropertyValueSpecification","valueRequired":true,"valueName":"search_term_string"}}],"inLanguage":"de-DE"},{"@type":"Organization","@id":"https:\/\/vacation-in-florida.com\/#organization","name":"Vacation in Florida","url":"https:\/\/vacation-in-florida.com\/","logo":{"@type":"ImageObject","inLanguage":"de-DE","@id":"https:\/\/vacation-in-florida.com\/#\/schema\/logo\/image\/","url":"https:\/\/www.vacation-in-florida.com\/wp-content\/uploads\/2022\/08\/LOGO_Vacation_in_Florida_com_grey.png","contentUrl":"https:\/\/www.vacation-in-florida.com\/wp-content\/uploads\/2022\/08\/LOGO_Vacation_in_Florida_com_grey.png","width":800,"height":137,"caption":"Vacation in Florida"},"image":{"@id":"https:\/\/vacation-in-florida.com\/#\/schema\/logo\/image\/"},"sameAs":["https:\/\/www.facebook.com\/vacationinflorida","https:\/\/www.instagram.com\/vacation_in_florida","https:\/\/www.youtube.com\/c\/VacationinFlorida"]}]}},"_links":{"self":[{"href":"https:\/\/vacation-in-florida.com\/de\/wp-json\/wp\/v2\/pages\/3930","targetHints":{"allow":["GET"]}}],"collection":[{"href":"https:\/\/vacation-in-florida.com\/de\/wp-json\/wp\/v2\/pages"}],"about":[{"href":"https:\/\/vacation-in-florida.com\/de\/wp-json\/wp\/v2\/types\/page"}],"author":[{"embeddable":true,"href":"https:\/\/vacation-in-florida.com\/de\/wp-json\/wp\/v2\/users\/7"}],"replies":[{"embeddable":true,"href":"https:\/\/vacation-in-florida.com\/de\/wp-json\/wp\/v2\/comments?post=3930"}],"version-history":[{"count":0,"href":"https:\/\/vacation-in-florida.com\/de\/wp-json\/wp\/v2\/pages\/3930\/revisions"}],"wp:featuredmedia":[{"embeddable":true,"href":"https:\/\/vacation-in-florida.com\/de\/wp-json\/wp\/v2\/media\/3569"}],"wp:attachment":[{"href":"https:\/\/vacation-in-florida.com\/de\/wp-json\/wp\/v2\/media?parent=3930"}],"curies":[{"name":"wp","href":"https:\/\/api.w.org\/{rel}","templated":true}]}}